{"id":1559,"date":"2022-01-17T19:37:02","date_gmt":"2022-01-17T19:37:02","guid":{"rendered":"https:\/\/joaquinlopezpascual.com\/privacy-policy\/"},"modified":"2022-01-17T19:37:04","modified_gmt":"2022-01-17T19:37:04","slug":"privacy-policy","status":"publish","type":"page","link":"https:\/\/www.joaquinlopezpascual.com\/en\/privacy-policy\/","title":{"rendered":"Privacy Policy"},"content":{"rendered":"<div class=\"fusion-fullwidth fullwidth-box fusion-builder-row-1 fusion-flex-container nonhundred-percent-fullwidth non-hundred-percent-height-scrolling\" style=\"--awb-border-radius-top-left:0px;--awb-border-radius-top-right:0px;--awb-border-radius-bottom-right:0px;--awb-border-radius-bottom-left:0px;--awb-padding-top:85px;--awb-padding-right:25%;--awb-padding-bottom:60px;--awb-padding-left:25%;--awb-padding-right-medium:0px;--awb-padding-left-medium:0px;--awb-flex-wrap:wrap;\" ><div class=\"fusion-builder-row fusion-row fusion-flex-align-items-flex-start fusion-flex-content-wrap\" style=\"max-width:1289.6px;margin-left: calc(-4% \/ 2 );margin-right: calc(-4% \/ 2 );\"><div class=\"fusion-layout-column fusion_builder_column fusion-builder-column-0 fusion_builder_column_1_1 1_1 fusion-flex-column\" style=\"--awb-bg-size:cover;--awb-width-large:100%;--awb-margin-top-large:0px;--awb-spacing-right-large:1.92%;--awb-margin-bottom-large:0px;--awb-spacing-left-large:1.92%;--awb-width-medium:100%;--awb-spacing-right-medium:1.92%;--awb-spacing-left-medium:1.92%;--awb-width-small:100%;--awb-spacing-right-small:1.92%;--awb-spacing-left-small:1.92%;\"><div class=\"fusion-column-wrapper fusion-flex-justify-content-flex-start fusion-content-layout-column\"><div class=\"fusion-title title fusion-title-1 fusion-sep-none fusion-title-center fusion-title-text fusion-title-size-four\" style=\"--awb-margin-top-small:10px;--awb-margin-right-small:0px;--awb-margin-bottom-small:10px;--awb-margin-left-small:0px;\"><h4 class=\"fusion-title-heading title-heading-center\" style=\"margin:0;\">Joaquinlopezpascual.com is an educational website and cultural dissemination blog<\/h4><\/div><div class=\"fusion-text fusion-text-1\" style=\"--awb-content-alignment:center;--awb-text-transform:none;\"><p>Author: Joaqu\u00edn L\u00f3pez Pascual<\/p>\n<p>E-mail: <a href=\"contacta@joaquinlopezpascual.com%C2%BB\" target=\"\u00bb_blank\u00bb\" rel=\"\u00bbnoopener\u00bb noopener\"><strong>contacta@joaquinlopezpascual.com<\/strong><\/a><\/p>\n<\/div><div class=\"fusion-text fusion-text-2\" style=\"--awb-content-alignment:justify;--awb-text-transform:none;\"><p>In this space, the user will be able to find all the information related to the legal terms and conditions that define the relations between the users and me as the author of this website. As a user, it is important that you know these terms before continuing your navigation.<\/p>\n<p>Joaqu\u00edn L\u00f3pez Pascual as the author of this website, I assume the commitment to process the information of my users with full guarantees and to comply with the national and European requirements that regulate the collection and use of the personal data of my users.<\/p>\n<p>This website, therefore, strictly complies with Organic Law 15\/1999, of December 13, on the Protection of Personal Data (LOPD), and with Royal Decree 1720\/2007, of December 21, known as the Regulation development of the LOPD. It also complies with Regulation (EU) 2016\/679 of the European Parliament and of the Council of April 27, 2016 regarding the protection of natural persons (RGPD), as well as with Law 34\/2002, of July 11, of Services of the Information Society and Electronic Commerce (LSSICE or LSSI). As well as Directive 2009\/136\/CE approved by the European Parliament, which modified the previous regulation of the year 2002. In Spain, this rule was reflected in Decree-Law 12\/2012, which also displaced the 2002 legislation.<\/p>\n<h3>What personal data we collect and why we collect it<\/h3>\n<p>I never share personal information of my users with anyone, except to comply with the law or in case I have your express authorization.<\/p>\n<p>I never use your personal data for a purpose other than that expressed in this privacy policy.<\/p>\n<p>It should be noted that this Privacy Policy could vary based on legislative requirements or self-regulation, so users are advised to visit it periodically. It will be applicable in the event that users decide to fill out a contact form where personal data is collected. However, at present this website does not have contact forms or any other type that involves the collection of personal data.<\/p>\n<h3>Comments<\/h3>\n<p>When visitors leave comments on the website, we collect the data displayed in the comment form, as well as the visitor&#8217;s IP address and browser user agent string to help spam detection.<\/p>\n<p>An anonymous string created from your email address (also called a hash) may be provided to the Gravatar service to see if you are using it. The privacy policy for the Gravatar service is available here: https:\/\/automattic.com\/privacy\/. After approval of your comment, your profile picture is visible to the public in the context of your comment.<\/p>\n<p>No obstante, de momento en el momento de la creaci\u00f3n de esta web educativa no contemplamos todav\u00eda la presencia de comentarios debido al car\u00e1cter divulgativo y educativo de la web en apoyo y ayuda de material para usuarios y alumnos de diferentes centros educativos.<\/p>\n<h3>Medios<\/h3>\n<p>Si subes im\u00e1genes a la web deber\u00edas evitar subir im\u00e1genes con datos de ubicaci\u00f3n (GPS EXIF) incluidos. Los visitantes de la web pueden descargar y extraer cualquier dato de localizaci\u00f3n de las im\u00e1genes de la web.<\/p>\n<h3>Cookies<\/h3>\n<p>Si dejas un comentario en nuestro sitio puedes elegir guardar tu nombre, direcci\u00f3n de correo electr\u00f3nico y web en cookies. Esto es para tu comodidad, para que no tengas que volver a rellenar tus datos cuando dejes otro comentario. Estas cookies tendr\u00e1n una duraci\u00f3n de un a\u00f1o.<\/p>\n<p>Si tienes una cuenta y te conectas a este sitio, instalaremos una cookie temporal para determinar si tu navegador acepta cookies. Esta cookie no contiene datos personales y se elimina al cerrar el navegador.<\/p>\n<p>Cuando inicias sesi\u00f3n, tambi\u00e9n instalaremos varias cookies para guardar tu informaci\u00f3n de inicio de sesi\u00f3n y tus opciones de visualizaci\u00f3n de pantalla. Las cookies de inicio de sesi\u00f3n duran dos d\u00edas, y las cookies de opciones de pantalla duran un a\u00f1o. Si seleccionas \u00abRecordarme\u00bb, tu inicio de sesi\u00f3n perdurar\u00e1 durante dos semanas. Si sales de tu cuenta, las cookies de inicio de sesi\u00f3n se eliminar\u00e1n.<\/p>\n<p>Si editas o publicas un art\u00edculo se guardar\u00e1 una cookie adicional en tu navegador. Esta cookie no incluye datos personales y simplemente indica el ID del art\u00edculo que acabas de editar. Caduca despu\u00e9s de 1 d\u00eda.<\/p>\n<h3>Contenido incrustado de otros sitios web<\/h3>\n<p>Los art\u00edculos de este sitio pueden incluir contenido incrustado (por ejemplo, v\u00eddeos, im\u00e1genes, art\u00edculos, etc.). El contenido incrustado de otras web se comporta exactamente de la misma manera que si el visitante hubiera visitado la otra web.<\/p>\n<p>Estas web pueden recopilar datos sobre ti, utilizar cookies, incrustar un seguimiento adicional de terceros, y supervisar tu interacci\u00f3n con ese contenido incrustado, incluido el seguimiento de tu interacci\u00f3n con el contenido incrustado si tienes una cuenta y est\u00e1s conectado a esa web.<\/p>\n<h2>Anal\u00edtica<\/h2>\n<h3>Con qui\u00e9n compartimos tus datos<\/h3>\n<p>Para prestar servicios estrictamente necesarios para el desarrollo de la actividad, https:\/\/www.joaquinlopezpascual.com, comparte datos con los siguientes prestadores bajo sus correspondientes condiciones de privacidad:<\/p>\n<p><strong>Google Analytics<\/strong>: un servicio anal\u00edtico de web prestado por Google, Inc., una compa\u00f1\u00eda de Delaware cuya oficina principal est\u00e1 en 1600 Amphitheatre Parkway, Mountain View (California), CA 94043, Estados Unidos (\u201cGoogle\u201d). Google Analytics utiliza \u201ccookies\u201d, que son archivos de texto ubicados en tu ordenador, para ayudar a https:\/\/www.joaquinlopezpascual.com a analizar el uso que hacen los usuarios del sitio web. La informaci\u00f3n que genera la cookie acerca de su uso de https:\/\/www.joaquinlopezpascual.com (incluyendo tu direcci\u00f3n IP) ser\u00e1 directamente transmitida y archivada por Google en los servidores de Estados Unidos.<\/p>\n<p><strong>Plataforma web<\/strong>: Automattic Inc., con domicilio en EEUU. M\u00e1s informaci\u00f3n en: https:\/\/es.wordpress.com\/ (Automattic Inc.). Automattic Inc. trata los datos con la finalidad de realizar sus servicios de plataforma web a Joaqu\u00edn L\u00f3pez Pascual.<\/p>\n<h3>Cu\u00e1nto tiempo conservamos tus datos<\/h3>\n<p>Si dejas un comentario, el comentario y sus metadatos se conservan indefinidamente. Esto es para que podamos reconocer y aprobar comentarios sucesivos autom\u00e1ticamente en lugar de mantenerlos en una cola de moderaci\u00f3n.<\/p>\n<p>De los usuarios que se registran en nuestra web (si los hay), tambi\u00e9n almacenamos la informaci\u00f3n personal que proporcionan en su perfil de usuario. Todos los usuarios pueden ver, editar o eliminar su informaci\u00f3n personal en cualquier momento (excepto que no pueden cambiar su nombre de usuario). La administradora de la web tambi\u00e9n puede ver y editar esa informaci\u00f3n.<\/p>\n<h3>Qu\u00e9 derechos tienes sobre tus datos<\/h3>\n<p>Si tienes una cuenta o has dejado comentarios en esta web puedes solicitar que eliminemos cualquier dato personal que tengamos sobre ti. Esto no incluye ning\u00fan dato que estemos obligados a conservar con fines administrativos, legales o de seguridad.<\/p>\n<h3>D\u00f3nde enviamos tus datos<\/h3>\n<p>Los comentarios de los visitantes puede que los revise un servicio de detecci\u00f3n autom\u00e1tica de spam.<\/p>\n<h3>Navegaci\u00f3n<\/h3>\n<p>Al navegar por https:\/\/www.joaquinlopezpascual.com se pueden recoger datos no identificables, que pueden incluir, direcciones IP, ubicaci\u00f3n geogr\u00e1fica (aproximadamente), un registro de c\u00f3mo se utilizan los servicios y sitios, y otros datos que no pueden ser utilizados para identificar al usuario. Entre los datos no identificativos est\u00e1n tambi\u00e9n los relacionados a tus h\u00e1bitos de navegaci\u00f3n a trav\u00e9s de servicios de terceros. Esta web utiliza los siguientes servicios de an\u00e1lisis de terceros:<\/p>\n<p><strong>Google analytics<\/strong><\/p>\n<p>Utilizo esta informaci\u00f3n para analizar tendencias, administrar el sitio, rastrear los movimientos de los usuarios alrededor del sitio y para recopilar informaci\u00f3n demogr\u00e1fica sobre mi base de usuarios en su conjunto.<\/p>\n<p><strong>WordPress.com<\/strong><\/p>\n<p>Utilizo esta informaci\u00f3n para analizar tendencias, administrar el sitio, rastrear los movimientos de los usuarios alrededor del sitio y para recopilar informaci\u00f3n demogr\u00e1fica sobre mi base de usuarios en su conjunto.<\/p>\n<h3>Condiciones Generales y Medidas de Seguridad<\/h3>\n<p>Las presentes Condiciones Generales regulan el uso (incluyendo el mero acceso) de las p\u00e1ginas de web, integrantes del sitio web de JLP Workgroup incluidos los contenidos y servicios puestos a disposici\u00f3n en ellas. Toda persona que acceda a la web, https:\/\/www.joaquinlopezpascual.com (\u201cusuario\u201d) acepta someterse a las Condiciones Generales vigentes en cada momento del portal https:\/\/www.joaquinlopezpascual.com<\/p>\n<p>Los datos personales comunicados por el usuario a JLP Workgroup pueden ser almacenados en bases de datos automatizadas o no, cuya titularidad corresponde en exclusiva a Joaqu\u00edn L\u00f3pez Pascual, asumiendo \u00e9ste todas las medidas de \u00edndole t\u00e9cnica, organizativa y de seguridad que garantizan la confidencialidad, integridad y calidad de la informaci\u00f3n contenida en las mismas de acuerdo con lo establecido en la normativa vigente en protecci\u00f3n de datos. La comunicaci\u00f3n entre los usuarios y https:\/\/www.joaquinlopezpascual.com utiliza un canal seguro, y los datos transmitidos son cifrados gracias a protocolos https, por tanto, garantizo las mejores condiciones de seguridad para que la confidencialidad de los usuarios est\u00e9 garantizada.<\/p>\n<h3>Enlaces Externos<\/h3>\n<p>Las p\u00e1ginas de la web https:\/\/www.joaquinlopezpascual.com proporciona enlaces a otros sitios web propios y contenidos que son propiedad de terceros.<\/p>\n<h3>Compromisos de los usuarios<\/h3>\n<p>El usuario queda informado, y acepta, que el acceso a la presente web no supone, en modo alguno, el inicio de una relaci\u00f3n comercial con JLP Workgroup. De esta forma, el usuario se compromete a utilizar el sitio web, sus servicios y contenidos sin contravenir la legislaci\u00f3n vigente, la buena fe y el orden p\u00fablico.<\/p>\n<p>Queda prohibido el uso de la web, con fines il\u00edcitos o lesivos, o que, de cualquier forma, puedan causar perjuicio o impedir el normal funcionamiento del sitio web.<\/p>\n<h3>Respecto de los contenidos de esta web, se proh\u00edbe:<\/h3>\n<p><strong style=\"color: #ff0000;\">Su reproducci\u00f3n, distribuci\u00f3n o modificaci\u00f3n, total o parcial, a menos que se cuente con mi autorizaci\u00f3n como leg\u00edtimo titular o siguiendo los derechos de autor Creative Commons<\/strong><\/p>\n<p><strong>Cualquier vulneraci\u00f3n de los derechos del prestador o de mi como leg\u00edtimo titular.<\/strong><\/p>\n<p><strong>Su utilizaci\u00f3n para fines comerciales o publicitarios.<\/strong><\/p>\n<p>En la utilizaci\u00f3n de la web, https:\/\/www.joaquinlopezpascual.com el usuario se compromete a no llevar a cabo ninguna conducta que pudiera da\u00f1ar la imagen, los intereses y los derechos de JLP Workgroup o de terceros o que pudiera da\u00f1ar, inutilizar o sobrecargar el portal https:\/\/www.joaquinlopezpascual.com o que impidiera, de cualquier forma, la normal utilizaci\u00f3n de la web.<\/p>\n<p>No obstante, el usuario debe ser consciente de que las medidas de seguridad de los sistemas inform\u00e1ticos en Internet no son enteramente fiables y que, por tanto https:\/\/www.joaquinlopezpascual.com no puede garantizar la inexistencia de malware u otros elementos que puedan producir alteraciones en los sistemas inform\u00e1ticos (software y hardware) del usuario o en sus documentos electr\u00f3nicos y ficheros contenidos en los mismos aunque pongo todos los medios necesarios y las medidas de seguridad oportunas para evitar la presencia de estos elementos da\u00f1inos.<\/p>\n<h3>Aceptaci\u00f3n y consentimiento<\/h3>\n<p>El usuario declara haber sido informado de las condiciones sobre protecci\u00f3n de datos de car\u00e1cter personal, aceptando y consintiendo el tratamiento de los mismos por parte de Joaqu\u00edn L\u00f3pez Pascual (JLP Workgroup) en la forma y para las finalidades indicadas en esta pol\u00edtica de privacidad.<\/p>\n<\/div><\/div><\/div><\/div><\/div>\n","protected":false},"excerpt":{"rendered":"","protected":false},"author":1,"featured_media":0,"parent":0,"menu_order":0,"comment_status":"closed","ping_status":"open","template":"100-width.php","meta":{"_acf_changed":false,"iawp_total_views":17,"footnotes":""},"class_list":["post-1559","page","type-page","status-publish","hentry"],"acf":[],"yoast_head":"<!-- This site is optimized with the Yoast SEO plugin v27.5 - https:\/\/yoast.com\/product\/yoast-seo-wordpress\/ -->\n<title>Privacy Policy - Joaqu\u00edn L\u00f3pez Pascual<\/title>\n<meta name=\"robots\" content=\"index, follow, max-snippet:-1, max-image-preview:large, max-video-preview:-1\" \/>\n<link rel=\"canonical\" href=\"https:\/\/www.joaquinlopezpascual.com\/en\/privacy-policy\/\" \/>\n<meta property=\"og:locale\" content=\"en_US\" \/>\n<meta property=\"og:type\" content=\"article\" \/>\n<meta property=\"og:title\" content=\"Privacy Policy - Joaqu\u00edn L\u00f3pez Pascual\" \/>\n<meta property=\"og:url\" content=\"https:\/\/www.joaquinlopezpascual.com\/en\/privacy-policy\/\" \/>\n<meta property=\"og:site_name\" content=\"Joaqu\u00edn L\u00f3pez Pascual\" \/>\n<meta property=\"article:modified_time\" content=\"2022-01-17T19:37:04+00:00\" \/>\n<meta name=\"twitter:card\" content=\"summary_large_image\" \/>\n<meta name=\"twitter:label1\" content=\"Est. reading time\" \/>\n\t<meta name=\"twitter:data1\" content=\"13 minutes\" \/>\n<script type=\"application\/ld+json\" class=\"yoast-schema-graph\">{\"@context\":\"https:\\\/\\\/schema.org\",\"@graph\":[{\"@type\":\"WebPage\",\"@id\":\"https:\\\/\\\/www.joaquinlopezpascual.com\\\/en\\\/privacy-policy\\\/\",\"url\":\"https:\\\/\\\/www.joaquinlopezpascual.com\\\/en\\\/privacy-policy\\\/\",\"name\":\"Privacy Policy - Joaqu\u00edn L\u00f3pez Pascual\",\"isPartOf\":{\"@id\":\"https:\\\/\\\/www.joaquinlopezpascual.com\\\/en\\\/#website\"},\"datePublished\":\"2022-01-17T19:37:02+00:00\",\"dateModified\":\"2022-01-17T19:37:04+00:00\",\"breadcrumb\":{\"@id\":\"https:\\\/\\\/www.joaquinlopezpascual.com\\\/en\\\/privacy-policy\\\/#breadcrumb\"},\"inLanguage\":\"en-US\",\"potentialAction\":[{\"@type\":\"ReadAction\",\"target\":[\"https:\\\/\\\/www.joaquinlopezpascual.com\\\/en\\\/privacy-policy\\\/\"]}]},{\"@type\":\"BreadcrumbList\",\"@id\":\"https:\\\/\\\/www.joaquinlopezpascual.com\\\/en\\\/privacy-policy\\\/#breadcrumb\",\"itemListElement\":[{\"@type\":\"ListItem\",\"position\":1,\"name\":\"Portada\",\"item\":\"https:\\\/\\\/www.joaquinlopezpascual.com\\\/en\\\/index-2\\\/\"},{\"@type\":\"ListItem\",\"position\":2,\"name\":\"Privacy Policy\"}]},{\"@type\":\"WebSite\",\"@id\":\"https:\\\/\\\/www.joaquinlopezpascual.com\\\/en\\\/#website\",\"url\":\"https:\\\/\\\/www.joaquinlopezpascual.com\\\/en\\\/\",\"name\":\"Joaqu\u00edn L\u00f3pez Pascual\",\"description\":\"Joaqu\u00edn L\u00f3pez Pascual Profesor Finanzas URJC University Ph.D Ciencias Econ\u00f3micas y Empresariales, M\u00e1ster Gesti\u00f3n Financiera Universidad Complutense Madrid\",\"potentialAction\":[{\"@type\":\"SearchAction\",\"target\":{\"@type\":\"EntryPoint\",\"urlTemplate\":\"https:\\\/\\\/www.joaquinlopezpascual.com\\\/en\\\/?s={search_term_string}\"},\"query-input\":{\"@type\":\"PropertyValueSpecification\",\"valueRequired\":true,\"valueName\":\"search_term_string\"}}],\"inLanguage\":\"en-US\"}]}<\/script>\n<!-- \/ Yoast SEO plugin. -->","yoast_head_json":{"title":"Privacy Policy - Joaqu\u00edn L\u00f3pez Pascual","robots":{"index":"index","follow":"follow","max-snippet":"max-snippet:-1","max-image-preview":"max-image-preview:large","max-video-preview":"max-video-preview:-1"},"canonical":"https:\/\/www.joaquinlopezpascual.com\/en\/privacy-policy\/","og_locale":"en_US","og_type":"article","og_title":"Privacy Policy - Joaqu\u00edn L\u00f3pez Pascual","og_url":"https:\/\/www.joaquinlopezpascual.com\/en\/privacy-policy\/","og_site_name":"Joaqu\u00edn L\u00f3pez Pascual","article_modified_time":"2022-01-17T19:37:04+00:00","twitter_card":"summary_large_image","twitter_misc":{"Est. reading time":"13 minutes"},"schema":{"@context":"https:\/\/schema.org","@graph":[{"@type":"WebPage","@id":"https:\/\/www.joaquinlopezpascual.com\/en\/privacy-policy\/","url":"https:\/\/www.joaquinlopezpascual.com\/en\/privacy-policy\/","name":"Privacy Policy - Joaqu\u00edn L\u00f3pez Pascual","isPartOf":{"@id":"https:\/\/www.joaquinlopezpascual.com\/en\/#website"},"datePublished":"2022-01-17T19:37:02+00:00","dateModified":"2022-01-17T19:37:04+00:00","breadcrumb":{"@id":"https:\/\/www.joaquinlopezpascual.com\/en\/privacy-policy\/#breadcrumb"},"inLanguage":"en-US","potentialAction":[{"@type":"ReadAction","target":["https:\/\/www.joaquinlopezpascual.com\/en\/privacy-policy\/"]}]},{"@type":"BreadcrumbList","@id":"https:\/\/www.joaquinlopezpascual.com\/en\/privacy-policy\/#breadcrumb","itemListElement":[{"@type":"ListItem","position":1,"name":"Portada","item":"https:\/\/www.joaquinlopezpascual.com\/en\/index-2\/"},{"@type":"ListItem","position":2,"name":"Privacy Policy"}]},{"@type":"WebSite","@id":"https:\/\/www.joaquinlopezpascual.com\/en\/#website","url":"https:\/\/www.joaquinlopezpascual.com\/en\/","name":"Joaqu\u00edn L\u00f3pez Pascual","description":"Joaqu\u00edn L\u00f3pez Pascual Profesor Finanzas URJC University Ph.D Ciencias Econ\u00f3micas y Empresariales, M\u00e1ster Gesti\u00f3n Financiera Universidad Complutense Madrid","potentialAction":[{"@type":"SearchAction","target":{"@type":"EntryPoint","urlTemplate":"https:\/\/www.joaquinlopezpascual.com\/en\/?s={search_term_string}"},"query-input":{"@type":"PropertyValueSpecification","valueRequired":true,"valueName":"search_term_string"}}],"inLanguage":"en-US"}]}},"jetpack_shortlink":"https:\/\/wp.me\/PdHG6k-p9","jetpack_sharing_enabled":true,"_links":{"self":[{"href":"https:\/\/www.joaquinlopezpascual.com\/en\/wp-json\/wp\/v2\/pages\/1559","targetHints":{"allow":["GET"]}}],"collection":[{"href":"https:\/\/www.joaquinlopezpascual.com\/en\/wp-json\/wp\/v2\/pages"}],"about":[{"href":"https:\/\/www.joaquinlopezpascual.com\/en\/wp-json\/wp\/v2\/types\/page"}],"author":[{"embeddable":true,"href":"https:\/\/www.joaquinlopezpascual.com\/en\/wp-json\/wp\/v2\/users\/1"}],"replies":[{"embeddable":true,"href":"https:\/\/www.joaquinlopezpascual.com\/en\/wp-json\/wp\/v2\/comments?post=1559"}],"version-history":[{"count":2,"href":"https:\/\/www.joaquinlopezpascual.com\/en\/wp-json\/wp\/v2\/pages\/1559\/revisions"}],"predecessor-version":[{"id":1561,"href":"https:\/\/www.joaquinlopezpascual.com\/en\/wp-json\/wp\/v2\/pages\/1559\/revisions\/1561"}],"wp:attachment":[{"href":"https:\/\/www.joaquinlopezpascual.com\/en\/wp-json\/wp\/v2\/media?parent=1559"}],"curies":[{"name":"wp","href":"https:\/\/api.w.org\/{rel}","templated":true}]}}